{"id":2889,"date":"2025-01-16T01:45:11","date_gmt":"2025-01-16T01:45:11","guid":{"rendered":"https:\/\/www.mundodurundo.com\/politica-de-cookies-ue\/"},"modified":"2025-01-16T01:45:11","modified_gmt":"2025-01-16T01:45:11","slug":"politica-de-cookies-ue","status":"publish","type":"page","link":"https:\/\/www.mundodurundo.com\/es\/politica-de-cookies-ue\/","title":{"rendered":"Pol\u00edtica de cookies (UE)"},"content":{"rendered":"La regi\u00f3n EU no est\u00e1 activada para cookie-statement.","protected":false},"excerpt":{"rendered":"","protected":false},"author":1,"featured_media":0,"parent":0,"menu_order":0,"comment_status":"closed","ping_status":"closed","template":"","meta":{"footnotes":""},"class_list":["post-2889","page","type-page","status-publish","hentry"],"yoast_head":"<!-- This site is optimized with the Yoast SEO plugin v26.5 - https:\/\/yoast.com\/wordpress\/plugins\/seo\/ -->\n<title>Pol\u00edtica de cookies (UE) - \u3010Mundo Durundo\u3011<\/title>\n<meta name=\"robots\" content=\"index, follow, max-snippet:-1, max-image-preview:large, max-video-preview:-1\" \/>\n<link rel=\"canonical\" href=\"https:\/\/www.mundodurundo.com\/es\/politica-de-cookies-ue\/\" \/>\n<meta property=\"og:locale\" content=\"es_ES\" \/>\n<meta property=\"og:type\" content=\"article\" \/>\n<meta property=\"og:title\" content=\"Pol\u00edtica de cookies (UE) - \u3010Mundo Durundo\u3011\" \/>\n<meta property=\"og:url\" content=\"https:\/\/www.mundodurundo.com\/es\/politica-de-cookies-ue\/\" \/>\n<meta property=\"og:site_name\" content=\"\u3010Mundo Durundo\u3011\" \/>\n<meta name=\"twitter:card\" content=\"summary_large_image\" \/>\n<script type=\"application\/ld+json\" class=\"yoast-schema-graph\">{\"@context\":\"https:\/\/schema.org\",\"@graph\":[{\"@type\":\"WebPage\",\"@id\":\"https:\/\/www.mundodurundo.com\/politica-de-cookies-ue\/\",\"url\":\"https:\/\/www.mundodurundo.com\/politica-de-cookies-ue\/\",\"name\":\"Pol\u00edtica de cookies (UE) - \u3010Mundo Durundo\u3011\",\"isPartOf\":{\"@id\":\"https:\/\/www.mundodurundo.com\/#website\"},\"datePublished\":\"2025-01-16T01:45:11+00:00\",\"breadcrumb\":{\"@id\":\"https:\/\/www.mundodurundo.com\/politica-de-cookies-ue\/#breadcrumb\"},\"inLanguage\":\"es\",\"potentialAction\":[{\"@type\":\"ReadAction\",\"target\":[\"https:\/\/www.mundodurundo.com\/politica-de-cookies-ue\/\"]}]},{\"@type\":\"BreadcrumbList\",\"@id\":\"https:\/\/www.mundodurundo.com\/politica-de-cookies-ue\/#breadcrumb\",\"itemListElement\":[{\"@type\":\"ListItem\",\"position\":1,\"name\":\"Portada\",\"item\":\"https:\/\/www.mundodurundo.com\/\"},{\"@type\":\"ListItem\",\"position\":2,\"name\":\"Pol\u00edtica de cookies (UE)\"}]},{\"@type\":\"WebSite\",\"@id\":\"https:\/\/www.mundodurundo.com\/#website\",\"url\":\"https:\/\/www.mundodurundo.com\/\",\"name\":\"Mundo Durundo\",\"description\":\"\u27a1\ufe0f MARKETING DIGITAL, SEO, REDES SOCIALES,\",\"publisher\":{\"@id\":\"https:\/\/www.mundodurundo.com\/#organization\"},\"potentialAction\":[{\"@type\":\"SearchAction\",\"target\":{\"@type\":\"EntryPoint\",\"urlTemplate\":\"https:\/\/www.mundodurundo.com\/?s={search_term_string}\"},\"query-input\":{\"@type\":\"PropertyValueSpecification\",\"valueRequired\":true,\"valueName\":\"search_term_string\"}}],\"inLanguage\":\"es\"},{\"@type\":\"Organization\",\"@id\":\"https:\/\/www.mundodurundo.com\/#organization\",\"name\":\"Mundo Durundo\",\"url\":\"https:\/\/www.mundodurundo.com\/\",\"logo\":{\"@type\":\"ImageObject\",\"inLanguage\":\"es\",\"@id\":\"https:\/\/www.mundodurundo.com\/#\/schema\/logo\/image\/\",\"url\":\"https:\/\/www.mundodurundo.com\/wp-content\/uploads\/2022\/10\/cropped-zorro-listo-mundo-durundo.png\",\"contentUrl\":\"https:\/\/www.mundodurundo.com\/wp-content\/uploads\/2022\/10\/cropped-zorro-listo-mundo-durundo.png\",\"width\":620,\"height\":191,\"caption\":\"Mundo Durundo\"},\"image\":{\"@id\":\"https:\/\/www.mundodurundo.com\/#\/schema\/logo\/image\/\"}}]}<\/script>\n<!-- \/ Yoast SEO plugin. -->","yoast_head_json":{"title":"Pol\u00edtica de cookies (UE) - \u3010Mundo Durundo\u3011","robots":{"index":"index","follow":"follow","max-snippet":"max-snippet:-1","max-image-preview":"max-image-preview:large","max-video-preview":"max-video-preview:-1"},"canonical":"https:\/\/www.mundodurundo.com\/es\/politica-de-cookies-ue\/","og_locale":"es_ES","og_type":"article","og_title":"Pol\u00edtica de cookies (UE) - \u3010Mundo Durundo\u3011","og_url":"https:\/\/www.mundodurundo.com\/es\/politica-de-cookies-ue\/","og_site_name":"\u3010Mundo Durundo\u3011","twitter_card":"summary_large_image","schema":{"@context":"https:\/\/schema.org","@graph":[{"@type":"WebPage","@id":"https:\/\/www.mundodurundo.com\/politica-de-cookies-ue\/","url":"https:\/\/www.mundodurundo.com\/politica-de-cookies-ue\/","name":"Pol\u00edtica de cookies (UE) - \u3010Mundo Durundo\u3011","isPartOf":{"@id":"https:\/\/www.mundodurundo.com\/#website"},"datePublished":"2025-01-16T01:45:11+00:00","breadcrumb":{"@id":"https:\/\/www.mundodurundo.com\/politica-de-cookies-ue\/#breadcrumb"},"inLanguage":"es","potentialAction":[{"@type":"ReadAction","target":["https:\/\/www.mundodurundo.com\/politica-de-cookies-ue\/"]}]},{"@type":"BreadcrumbList","@id":"https:\/\/www.mundodurundo.com\/politica-de-cookies-ue\/#breadcrumb","itemListElement":[{"@type":"ListItem","position":1,"name":"Portada","item":"https:\/\/www.mundodurundo.com\/"},{"@type":"ListItem","position":2,"name":"Pol\u00edtica de cookies (UE)"}]},{"@type":"WebSite","@id":"https:\/\/www.mundodurundo.com\/#website","url":"https:\/\/www.mundodurundo.com\/","name":"Mundo Durundo","description":"\u27a1\ufe0f MARKETING DIGITAL, SEO, REDES SOCIALES,","publisher":{"@id":"https:\/\/www.mundodurundo.com\/#organization"},"potentialAction":[{"@type":"SearchAction","target":{"@type":"EntryPoint","urlTemplate":"https:\/\/www.mundodurundo.com\/?s={search_term_string}"},"query-input":{"@type":"PropertyValueSpecification","valueRequired":true,"valueName":"search_term_string"}}],"inLanguage":"es"},{"@type":"Organization","@id":"https:\/\/www.mundodurundo.com\/#organization","name":"Mundo Durundo","url":"https:\/\/www.mundodurundo.com\/","logo":{"@type":"ImageObject","inLanguage":"es","@id":"https:\/\/www.mundodurundo.com\/#\/schema\/logo\/image\/","url":"https:\/\/www.mundodurundo.com\/wp-content\/uploads\/2022\/10\/cropped-zorro-listo-mundo-durundo.png","contentUrl":"https:\/\/www.mundodurundo.com\/wp-content\/uploads\/2022\/10\/cropped-zorro-listo-mundo-durundo.png","width":620,"height":191,"caption":"Mundo Durundo"},"image":{"@id":"https:\/\/www.mundodurundo.com\/#\/schema\/logo\/image\/"}}]}},"_links":{"self":[{"href":"https:\/\/www.mundodurundo.com\/es\/wp-json\/wp\/v2\/pages\/2889","targetHints":{"allow":["GET"]}}],"collection":[{"href":"https:\/\/www.mundodurundo.com\/es\/wp-json\/wp\/v2\/pages"}],"about":[{"href":"https:\/\/www.mundodurundo.com\/es\/wp-json\/wp\/v2\/types\/page"}],"author":[{"embeddable":true,"href":"https:\/\/www.mundodurundo.com\/es\/wp-json\/wp\/v2\/users\/1"}],"replies":[{"embeddable":true,"href":"https:\/\/www.mundodurundo.com\/es\/wp-json\/wp\/v2\/comments?post=2889"}],"version-history":[{"count":0,"href":"https:\/\/www.mundodurundo.com\/es\/wp-json\/wp\/v2\/pages\/2889\/revisions"}],"wp:attachment":[{"href":"https:\/\/www.mundodurundo.com\/es\/wp-json\/wp\/v2\/media?parent=2889"}],"curies":[{"name":"wp","href":"https:\/\/api.w.org\/{rel}","templated":true}]}}